{"id":26,"date":"2023-05-15T22:10:12","date_gmt":"2023-05-15T22:10:12","guid":{"rendered":"https:\/\/juridicaltranslationoffice.com\/?page_id=26"},"modified":"2024-08-30T10:22:12","modified_gmt":"2024-08-30T10:22:12","slug":"sherbimet-tona","status":"publish","type":"page","link":"https:\/\/juridicaltranslationoffice.com\/?page_id=26&lang=sq","title":{"rendered":"Sh\u00ebrbimet Tona"},"content":{"rendered":"\t\t<div data-elementor-type=\"wp-page\" data-elementor-id=\"26\" class=\"elementor elementor-26\">\n\t\t\t\t\t\t\t\t\t<section class=\"elementor-section elementor-top-section elementor-element elementor-element-af4f9b7 elementor-section-height-min-height elementor-section-items-stretch elementor-section-boxed elementor-section-height-default\" data-id=\"af4f9b7\" data-element_type=\"section\" data-settings=\"{&quot;background_background&quot;:&quot;classic&quot;}\">\n\t\t\t\t\t\t\t<div class=\"elementor-background-overlay\"><\/div>\n\t\t\t\t\t\t\t<div class=\"elementor-container elementor-column-gap-default\">\n\t\t\t\t\t<div class=\"elementor-column elementor-col-100 elementor-top-column elementor-element elementor-element-827dd2a\" data-id=\"827dd2a\" data-element_type=\"column\" data-settings=\"{&quot;background_background&quot;:&quot;classic&quot;}\">\n\t\t\t<div class=\"elementor-widget-wrap elementor-element-populated\">\n\t\t\t\t\t\t\t\t<div class=\"elementor-element elementor-element-525530f elementor-widget elementor-widget-text-editor\" data-id=\"525530f\" data-element_type=\"widget\" data-widget_type=\"text-editor.default\">\n\t\t\t\t<div class=\"elementor-widget-container\">\n\t\t\t<style>\/*! elementor - v3.14.0 - 26-06-2023 *\/\n.elementor-widget-text-editor.elementor-drop-cap-view-stacked .elementor-drop-cap{background-color:#69727d;color:#fff}.elementor-widget-text-editor.elementor-drop-cap-view-framed .elementor-drop-cap{color:#69727d;border:3px solid;background-color:transparent}.elementor-widget-text-editor:not(.elementor-drop-cap-view-default) .elementor-drop-cap{margin-top:8px}.elementor-widget-text-editor:not(.elementor-drop-cap-view-default) .elementor-drop-cap-letter{width:1em;height:1em}.elementor-widget-text-editor .elementor-drop-cap{float:left;text-align:center;line-height:1;font-size:50px}.elementor-widget-text-editor .elementor-drop-cap-letter{display:inline-block}<\/style>\t\t\t\t<h1 class=\"font_0 wixui-rich-text__text\">Fushat tona t\u00eb ekspertiz\u00ebs<\/h1>\t\t\t\t\t\t<\/div>\n\t\t\t\t<\/div>\n\t\t\t\t\t<\/div>\n\t\t<\/div>\n\t\t\t\t\t\t\t<\/div>\n\t\t<\/section>\n\t\t\t\t<section class=\"elementor-section elementor-top-section elementor-element elementor-element-2abcf06 elementor-section-height-min-height elementor-section-boxed elementor-section-height-default elementor-section-items-middle\" data-id=\"2abcf06\" data-element_type=\"section\" data-settings=\"{&quot;background_background&quot;:&quot;classic&quot;}\">\n\t\t\t\t\t\t<div class=\"elementor-container elementor-column-gap-default\">\n\t\t\t\t\t<div class=\"elementor-column elementor-col-50 elementor-top-column elementor-element elementor-element-95ccea6\" data-id=\"95ccea6\" data-element_type=\"column\">\n\t\t\t<div class=\"elementor-widget-wrap elementor-element-populated\">\n\t\t\t\t\t\t\t\t<div class=\"elementor-element elementor-element-4a674cf elementor-hidden-desktop elementor-hidden-tablet elementor-widget elementor-widget-spacer\" data-id=\"4a674cf\" data-element_type=\"widget\" data-widget_type=\"spacer.default\">\n\t\t\t\t<div class=\"elementor-widget-container\">\n\t\t\t<style>\/*! elementor - v3.14.0 - 26-06-2023 *\/\n.elementor-column .elementor-spacer-inner{height:var(--spacer-size)}.e-con{--container-widget-width:100%}.e-con-inner>.elementor-widget-spacer,.e-con>.elementor-widget-spacer{width:var(--container-widget-width,var(--spacer-size));--align-self:var(--container-widget-align-self,initial);--flex-shrink:0}.e-con-inner>.elementor-widget-spacer>.elementor-widget-container,.e-con-inner>.elementor-widget-spacer>.elementor-widget-container>.elementor-spacer,.e-con>.elementor-widget-spacer>.elementor-widget-container,.e-con>.elementor-widget-spacer>.elementor-widget-container>.elementor-spacer{height:100%}.e-con-inner>.elementor-widget-spacer>.elementor-widget-container>.elementor-spacer>.elementor-spacer-inner,.e-con>.elementor-widget-spacer>.elementor-widget-container>.elementor-spacer>.elementor-spacer-inner{height:var(--container-widget-height,var(--spacer-size))}<\/style>\t\t<div class=\"elementor-spacer\">\n\t\t\t<div class=\"elementor-spacer-inner\"><\/div>\n\t\t<\/div>\n\t\t\t\t<\/div>\n\t\t\t\t<\/div>\n\t\t\t\t<div class=\"elementor-element elementor-element-37031d1 elementor-widget__width-initial elementor-widget elementor-widget-elementskit-heading\" data-id=\"37031d1\" data-element_type=\"widget\" data-widget_type=\"elementskit-heading.default\">\n\t\t\t\t<div class=\"elementor-widget-container\">\n\t\t\t<div class=\"ekit-wid-con\" ><div class=\"ekit-heading elementskit-section-title-wraper text_left   ekit_heading_tablet-   ekit_heading_mobile-text_center\"><h2 class=\"ekit-heading--title elementskit-section-title \">Njohja me sh\u00ebrbimet<\/h2><\/div><\/div>\t\t<\/div>\n\t\t\t\t<\/div>\n\t\t\t\t\t<\/div>\n\t\t<\/div>\n\t\t\t\t<div class=\"elementor-column elementor-col-50 elementor-top-column elementor-element elementor-element-6edf579\" data-id=\"6edf579\" data-element_type=\"column\">\n\t\t\t<div class=\"elementor-widget-wrap elementor-element-populated\">\n\t\t\t\t\t\t\t\t<div class=\"elementor-element elementor-element-3776fad elementor-widget elementor-widget-text-editor\" data-id=\"3776fad\" data-element_type=\"widget\" data-widget_type=\"text-editor.default\">\n\t\t\t\t<div class=\"elementor-widget-container\">\n\t\t\t\t\t\t\t<p>N\u00eb k\u00ebt\u00eb faqe, ju mund t\u00eb informoheni n\u00eb lidhje me sh\u00ebrbimet q\u00eb mund t\u00eb p\u00ebrfitoni pran\u00eb Zyr\u00ebs s\u00eb P\u00ebrkthimeve Juridike. Sh\u00ebrbimet tona mund t&#8217;i gjeni t\u00eb shfaqura si m\u00eb posht\u00eb:\u00a0<\/p>\t\t\t\t\t\t<\/div>\n\t\t\t\t<\/div>\n\t\t\t\t\t<\/div>\n\t\t<\/div>\n\t\t\t\t\t\t\t<\/div>\n\t\t<\/section>\n\t\t\t\t<section class=\"elementor-section elementor-top-section elementor-element elementor-element-a470c61 elementor-section-height-min-height elementor-section-items-stretch elementor-section-content-middle elementor-section-boxed elementor-section-height-default\" data-id=\"a470c61\" data-element_type=\"section\" data-settings=\"{&quot;background_background&quot;:&quot;classic&quot;}\">\n\t\t\t\t\t\t\t<div class=\"elementor-background-overlay\"><\/div>\n\t\t\t\t\t\t\t<div class=\"elementor-container elementor-column-gap-default\">\n\t\t\t\t\t<div class=\"elementor-column elementor-col-100 elementor-top-column elementor-element elementor-element-90491cf\" data-id=\"90491cf\" data-element_type=\"column\" data-settings=\"{&quot;background_background&quot;:&quot;classic&quot;}\">\n\t\t\t<div class=\"elementor-widget-wrap elementor-element-populated\">\n\t\t\t\t\t<div class=\"elementor-background-overlay\"><\/div>\n\t\t\t\t\t\t\t\t<section class=\"elementor-section elementor-inner-section elementor-element elementor-element-c077f24 elementor-section-boxed elementor-section-height-default elementor-section-height-default\" data-id=\"c077f24\" data-element_type=\"section\" data-settings=\"{&quot;background_background&quot;:&quot;classic&quot;}\">\n\t\t\t\t\t\t<div class=\"elementor-container elementor-column-gap-default\">\n\t\t\t\t\t<div class=\"elementor-column elementor-col-50 elementor-inner-column elementor-element elementor-element-c3124df\" data-id=\"c3124df\" data-element_type=\"column\">\n\t\t\t<div class=\"elementor-widget-wrap elementor-element-populated\">\n\t\t\t\t\t\t\t\t<div class=\"elementor-element elementor-element-c4d3467 elementor-widget elementor-widget-spacer\" data-id=\"c4d3467\" data-element_type=\"widget\" data-widget_type=\"spacer.default\">\n\t\t\t\t<div class=\"elementor-widget-container\">\n\t\t\t\t\t<div class=\"elementor-spacer\">\n\t\t\t<div class=\"elementor-spacer-inner\"><\/div>\n\t\t<\/div>\n\t\t\t\t<\/div>\n\t\t\t\t<\/div>\n\t\t\t\t<div class=\"elementor-element elementor-element-ca18399 elementor-widget elementor-widget-image\" data-id=\"ca18399\" data-element_type=\"widget\" data-widget_type=\"image.default\">\n\t\t\t\t<div class=\"elementor-widget-container\">\n\t\t\t<style>\/*! elementor - v3.14.0 - 26-06-2023 *\/\n.elementor-widget-image{text-align:center}.elementor-widget-image a{display:inline-block}.elementor-widget-image a img[src$=\".svg\"]{width:48px}.elementor-widget-image img{vertical-align:middle;display:inline-block}<\/style>\t\t\t\t\t\t\t\t\t\t\t\t<img loading=\"lazy\" decoding=\"async\" width=\"150\" height=\"150\" src=\"https:\/\/juridicaltranslationoffice.com\/wp-content\/uploads\/2023\/07\/perkthim-interpretim-150x150.jpg\" class=\"attachment-thumbnail size-thumbnail wp-image-496\" alt=\"\" srcset=\"https:\/\/juridicaltranslationoffice.com\/wp-content\/uploads\/2023\/07\/perkthim-interpretim-150x150.jpg 150w, https:\/\/juridicaltranslationoffice.com\/wp-content\/uploads\/2023\/07\/perkthim-interpretim-300x300.jpg 300w, https:\/\/juridicaltranslationoffice.com\/wp-content\/uploads\/2023\/07\/perkthim-interpretim-1024x1024.jpg 1024w, https:\/\/juridicaltranslationoffice.com\/wp-content\/uploads\/2023\/07\/perkthim-interpretim-768x768.jpg 768w, https:\/\/juridicaltranslationoffice.com\/wp-content\/uploads\/2023\/07\/perkthim-interpretim.jpg 1280w\" sizes=\"auto, (max-width: 150px) 100vw, 150px\" \/>\t\t\t\t\t\t\t\t\t\t\t\t\t\t\t<\/div>\n\t\t\t\t<\/div>\n\t\t\t\t<div class=\"elementor-element elementor-element-82b1db1 elementor-widget elementor-widget-heading\" data-id=\"82b1db1\" data-element_type=\"widget\" data-widget_type=\"heading.default\">\n\t\t\t\t<div class=\"elementor-widget-container\">\n\t\t\t<style>\/*! elementor - v3.14.0 - 26-06-2023 *\/\n.elementor-heading-title{padding:0;margin:0;line-height:1}.elementor-widget-heading .elementor-heading-title[class*=elementor-size-]>a{color:inherit;font-size:inherit;line-height:inherit}.elementor-widget-heading .elementor-heading-title.elementor-size-small{font-size:15px}.elementor-widget-heading .elementor-heading-title.elementor-size-medium{font-size:19px}.elementor-widget-heading .elementor-heading-title.elementor-size-large{font-size:29px}.elementor-widget-heading .elementor-heading-title.elementor-size-xl{font-size:39px}.elementor-widget-heading .elementor-heading-title.elementor-size-xxl{font-size:59px}<\/style><h2 class=\"elementor-heading-title elementor-size-default\">P\u00cbRKTHIM DHE INTERPRETIM<\/h2>\t\t<\/div>\n\t\t\t\t<\/div>\n\t\t\t\t<div class=\"elementor-element elementor-element-6b8528c elementor-widget elementor-widget-text-editor\" data-id=\"6b8528c\" data-element_type=\"widget\" data-widget_type=\"text-editor.default\">\n\t\t\t\t<div class=\"elementor-widget-container\">\n\t\t\t\t\t\t\tFal\u00eb arsimit t\u00eb lart\u00eb n\u00eb gjuh\u00ebn fr\u00ebnge dhe p\u00ebrvoj\u00ebs son\u00eb t\u00eb gjat\u00eb n\u00eb p\u00ebrkthimin zyrtar(q\u00eb nga viti 1996), ne jemi n\u00eb gjendje t&#8217;ju ofrojm\u00eb sh\u00ebrbime p\u00ebrkthimi cil\u00ebsore dhe profesionale n\u00eb fushat e m\u00ebposhtme: \t\t\t\t\t\t<\/div>\n\t\t\t\t<\/div>\n\t\t\t\t<div class=\"elementor-element elementor-element-c5066a4 elementor-align-center elementor-widget elementor-widget-button\" data-id=\"c5066a4\" data-element_type=\"widget\" data-widget_type=\"button.default\">\n\t\t\t\t<div class=\"elementor-widget-container\">\n\t\t\t\t\t<div class=\"elementor-button-wrapper\">\n\t\t\t<a class=\"elementor-button elementor-button-link elementor-size-sm\" href=\"https:\/\/juridicaltranslationoffice.com\/wp-content\/uploads\/2024\/08\/fushat-e-perkthimit.png\">\n\t\t\t\t\t\t<span class=\"elementor-button-content-wrapper\">\n\t\t\t\t\t\t<span class=\"elementor-button-text\">Fushat e Perkthimit<\/span>\n\t\t<\/span>\n\t\t\t\t\t<\/a>\n\t\t<\/div>\n\t\t\t\t<\/div>\n\t\t\t\t<\/div>\n\t\t\t\t\t<\/div>\n\t\t<\/div>\n\t\t\t\t<div class=\"elementor-column elementor-col-50 elementor-inner-column elementor-element elementor-element-f81f62a\" data-id=\"f81f62a\" data-element_type=\"column\">\n\t\t\t<div class=\"elementor-widget-wrap elementor-element-populated\">\n\t\t\t\t\t\t\t\t<div class=\"elementor-element elementor-element-720576f elementor-widget elementor-widget-spacer\" data-id=\"720576f\" data-element_type=\"widget\" data-widget_type=\"spacer.default\">\n\t\t\t\t<div class=\"elementor-widget-container\">\n\t\t\t\t\t<div class=\"elementor-spacer\">\n\t\t\t<div class=\"elementor-spacer-inner\"><\/div>\n\t\t<\/div>\n\t\t\t\t<\/div>\n\t\t\t\t<\/div>\n\t\t\t\t<div class=\"elementor-element elementor-element-aaaac72 elementor-widget elementor-widget-image\" data-id=\"aaaac72\" data-element_type=\"widget\" data-widget_type=\"image.default\">\n\t\t\t\t<div class=\"elementor-widget-container\">\n\t\t\t\t\t\t\t\t\t\t\t\t\t\t\t<img loading=\"lazy\" decoding=\"async\" width=\"150\" height=\"150\" src=\"https:\/\/juridicaltranslationoffice.com\/wp-content\/uploads\/2023\/07\/redaktim-1-150x150.jpg\" class=\"attachment-thumbnail size-thumbnail wp-image-497\" alt=\"\" srcset=\"https:\/\/juridicaltranslationoffice.com\/wp-content\/uploads\/2023\/07\/redaktim-1-150x150.jpg 150w, https:\/\/juridicaltranslationoffice.com\/wp-content\/uploads\/2023\/07\/redaktim-1-300x300.jpg 300w, https:\/\/juridicaltranslationoffice.com\/wp-content\/uploads\/2023\/07\/redaktim-1-1024x1024.jpg 1024w, https:\/\/juridicaltranslationoffice.com\/wp-content\/uploads\/2023\/07\/redaktim-1-768x768.jpg 768w, https:\/\/juridicaltranslationoffice.com\/wp-content\/uploads\/2023\/07\/redaktim-1.jpg 1280w\" sizes=\"auto, (max-width: 150px) 100vw, 150px\" \/>\t\t\t\t\t\t\t\t\t\t\t\t\t\t\t<\/div>\n\t\t\t\t<\/div>\n\t\t\t\t<div class=\"elementor-element elementor-element-0de40eb elementor-widget elementor-widget-heading\" data-id=\"0de40eb\" data-element_type=\"widget\" data-widget_type=\"heading.default\">\n\t\t\t\t<div class=\"elementor-widget-container\">\n\t\t\t<h2 class=\"elementor-heading-title elementor-size-default\">REDAKTIM<\/h2>\t\t<\/div>\n\t\t\t\t<\/div>\n\t\t\t\t<div class=\"elementor-element elementor-element-7583c5a elementor-widget elementor-widget-text-editor\" data-id=\"7583c5a\" data-element_type=\"widget\" data-widget_type=\"text-editor.default\">\n\t\t\t\t<div class=\"elementor-widget-container\">\n\t\t\t\t\t\t\t<p>Ofrojm\u00eb shkrimin korrekt t\u00eb materialeve\/dokumenteve n\u00eb gjuh\u00ebn shqipe, duke ofruar besnik\u00ebrin\u00eb e\u00a0duhur ndaj gjuh\u00ebs shqipe.<\/p>\t\t\t\t\t\t<\/div>\n\t\t\t\t<\/div>\n\t\t\t\t\t<\/div>\n\t\t<\/div>\n\t\t\t\t\t\t\t<\/div>\n\t\t<\/section>\n\t\t\t\t<section class=\"elementor-section elementor-inner-section elementor-element elementor-element-e2c85f3 elementor-section-height-min-height elementor-section-boxed elementor-section-height-default\" data-id=\"e2c85f3\" data-element_type=\"section\" data-settings=\"{&quot;background_background&quot;:&quot;classic&quot;}\">\n\t\t\t\t\t\t<div class=\"elementor-container elementor-column-gap-default\">\n\t\t\t\t\t<div class=\"elementor-column elementor-col-50 elementor-inner-column elementor-element elementor-element-9975ae1\" data-id=\"9975ae1\" data-element_type=\"column\">\n\t\t\t<div class=\"elementor-widget-wrap elementor-element-populated\">\n\t\t\t\t\t\t\t\t<div class=\"elementor-element elementor-element-492cda6 elementor-widget elementor-widget-image\" data-id=\"492cda6\" data-element_type=\"widget\" data-widget_type=\"image.default\">\n\t\t\t\t<div class=\"elementor-widget-container\">\n\t\t\t\t\t\t\t\t\t\t\t\t\t\t\t<img loading=\"lazy\" decoding=\"async\" width=\"150\" height=\"150\" src=\"https:\/\/juridicaltranslationoffice.com\/wp-content\/uploads\/2023\/07\/keshilla-150x150.jpg\" class=\"attachment-thumbnail size-thumbnail wp-image-499\" alt=\"\" srcset=\"https:\/\/juridicaltranslationoffice.com\/wp-content\/uploads\/2023\/07\/keshilla-150x150.jpg 150w, https:\/\/juridicaltranslationoffice.com\/wp-content\/uploads\/2023\/07\/keshilla-300x300.jpg 300w, https:\/\/juridicaltranslationoffice.com\/wp-content\/uploads\/2023\/07\/keshilla-1024x1024.jpg 1024w, https:\/\/juridicaltranslationoffice.com\/wp-content\/uploads\/2023\/07\/keshilla-768x768.jpg 768w, https:\/\/juridicaltranslationoffice.com\/wp-content\/uploads\/2023\/07\/keshilla.jpg 1280w\" sizes=\"auto, (max-width: 150px) 100vw, 150px\" \/>\t\t\t\t\t\t\t\t\t\t\t\t\t\t\t<\/div>\n\t\t\t\t<\/div>\n\t\t\t\t<div class=\"elementor-element elementor-element-7412bf4 elementor-widget elementor-widget-heading\" data-id=\"7412bf4\" data-element_type=\"widget\" data-widget_type=\"heading.default\">\n\t\t\t\t<div class=\"elementor-widget-container\">\n\t\t\t<h2 class=\"elementor-heading-title elementor-size-default\">SHOQ\u00cbRIM N\u00cb INSTITUCIONE<span style=\"font-style: inherit;\"><\/span><br><\/h2>\t\t<\/div>\n\t\t\t\t<\/div>\n\t\t\t\t<div class=\"elementor-element elementor-element-3228721 elementor-widget elementor-widget-text-editor\" data-id=\"3228721\" data-element_type=\"widget\" data-widget_type=\"text-editor.default\">\n\t\t\t\t<div class=\"elementor-widget-container\">\n\t\t\t\t\t\t\t<p>Ne jemi n\u00eb gjendje t\u00eb marrim p\u00ebrsip\u00ebr shoq\u00ebrimin tuaj, sipas k\u00ebrkes\u00ebs, n\u00eb t\u00eb gjitha institucionet apo zyrat e nevojshme t\u00eb Administrat\u00ebs Shqiptare.<\/p>\t\t\t\t\t\t<\/div>\n\t\t\t\t<\/div>\n\t\t\t\t\t<\/div>\n\t\t<\/div>\n\t\t\t\t<div class=\"elementor-column elementor-col-50 elementor-inner-column elementor-element elementor-element-f3e01b6\" data-id=\"f3e01b6\" data-element_type=\"column\">\n\t\t\t<div class=\"elementor-widget-wrap elementor-element-populated\">\n\t\t\t\t\t\t\t\t<div class=\"elementor-element elementor-element-43cd1d0 elementor-widget elementor-widget-image\" data-id=\"43cd1d0\" data-element_type=\"widget\" data-widget_type=\"image.default\">\n\t\t\t\t<div class=\"elementor-widget-container\">\n\t\t\t\t\t\t\t\t\t\t\t\t\t\t\t<img loading=\"lazy\" decoding=\"async\" width=\"150\" height=\"150\" src=\"https:\/\/juridicaltranslationoffice.com\/wp-content\/uploads\/2023\/07\/tarifat-150x150.jpg\" class=\"attachment-thumbnail size-thumbnail wp-image-500\" alt=\"\" srcset=\"https:\/\/juridicaltranslationoffice.com\/wp-content\/uploads\/2023\/07\/tarifat-150x150.jpg 150w, https:\/\/juridicaltranslationoffice.com\/wp-content\/uploads\/2023\/07\/tarifat-300x300.jpg 300w, https:\/\/juridicaltranslationoffice.com\/wp-content\/uploads\/2023\/07\/tarifat-1024x1024.jpg 1024w, https:\/\/juridicaltranslationoffice.com\/wp-content\/uploads\/2023\/07\/tarifat-768x768.jpg 768w, https:\/\/juridicaltranslationoffice.com\/wp-content\/uploads\/2023\/07\/tarifat.jpg 1325w\" sizes=\"auto, (max-width: 150px) 100vw, 150px\" \/>\t\t\t\t\t\t\t\t\t\t\t\t\t\t\t<\/div>\n\t\t\t\t<\/div>\n\t\t\t\t<div class=\"elementor-element elementor-element-aa24463 elementor-widget elementor-widget-heading\" data-id=\"aa24463\" data-element_type=\"widget\" data-widget_type=\"heading.default\">\n\t\t\t\t<div class=\"elementor-widget-container\">\n\t\t\t<h2 class=\"elementor-heading-title elementor-size-default\">OPINIONE DHE K\u00cbSHILLA<\/h2>\t\t<\/div>\n\t\t\t\t<\/div>\n\t\t\t\t<div class=\"elementor-element elementor-element-c73bd05 elementor-widget elementor-widget-text-editor\" data-id=\"c73bd05\" data-element_type=\"widget\" data-widget_type=\"text-editor.default\">\n\t\t\t\t<div class=\"elementor-widget-container\">\n\t\t\t\t\t\t\t<p>Duke qen\u00eb n\u00eb kontakt t\u00eb p\u00ebrhersh\u00ebm afatgjat\u00eb me Institucionet e Shtetit Shqiptar, p\u00ebr \u00e7\u00ebshtje ligjore, tashm\u00eb kemi nj\u00eb p\u00ebrvoj\u00eb t\u00eb mir\u00eb, t\u00eb aft\u00eb p\u00ebr t\u00eb dh\u00ebn\u00eb opinione dhe k\u00ebshilla q\u00eb i p\u00ebrshtaten k\u00ebrkes\u00ebs suaj. Ne ju ofrojm\u00eb kontakte me avokat\u00eb dhe noter\u00eb.<\/p>\t\t\t\t\t\t<\/div>\n\t\t\t\t<\/div>\n\t\t\t\t\t<\/div>\n\t\t<\/div>\n\t\t\t\t\t\t\t<\/div>\n\t\t<\/section>\n\t\t\t\t<section class=\"elementor-section elementor-inner-section elementor-element elementor-element-011208d elementor-section-height-min-height elementor-section-boxed elementor-section-height-default\" data-id=\"011208d\" data-element_type=\"section\" data-settings=\"{&quot;background_background&quot;:&quot;classic&quot;}\">\n\t\t\t\t\t\t<div class=\"elementor-container elementor-column-gap-default\">\n\t\t\t\t\t<div class=\"elementor-column elementor-col-100 elementor-inner-column elementor-element elementor-element-79cfc97\" data-id=\"79cfc97\" data-element_type=\"column\">\n\t\t\t<div class=\"elementor-widget-wrap elementor-element-populated\">\n\t\t\t\t\t\t\t\t<div class=\"elementor-element elementor-element-9f756bc elementor-widget elementor-widget-image\" data-id=\"9f756bc\" data-element_type=\"widget\" data-widget_type=\"image.default\">\n\t\t\t\t<div class=\"elementor-widget-container\">\n\t\t\t\t\t\t\t\t\t\t\t\t\t\t\t<img loading=\"lazy\" decoding=\"async\" width=\"150\" height=\"150\" src=\"https:\/\/juridicaltranslationoffice.com\/wp-content\/uploads\/2023\/07\/keshilla-150x150.jpg\" class=\"attachment-thumbnail size-thumbnail wp-image-499\" alt=\"\" srcset=\"https:\/\/juridicaltranslationoffice.com\/wp-content\/uploads\/2023\/07\/keshilla-150x150.jpg 150w, https:\/\/juridicaltranslationoffice.com\/wp-content\/uploads\/2023\/07\/keshilla-300x300.jpg 300w, https:\/\/juridicaltranslationoffice.com\/wp-content\/uploads\/2023\/07\/keshilla-1024x1024.jpg 1024w, https:\/\/juridicaltranslationoffice.com\/wp-content\/uploads\/2023\/07\/keshilla-768x768.jpg 768w, https:\/\/juridicaltranslationoffice.com\/wp-content\/uploads\/2023\/07\/keshilla.jpg 1280w\" sizes=\"auto, (max-width: 150px) 100vw, 150px\" \/>\t\t\t\t\t\t\t\t\t\t\t\t\t\t\t<\/div>\n\t\t\t\t<\/div>\n\t\t\t\t<div class=\"elementor-element elementor-element-81256ac elementor-widget elementor-widget-heading\" data-id=\"81256ac\" data-element_type=\"widget\" data-widget_type=\"heading.default\">\n\t\t\t\t<div class=\"elementor-widget-container\">\n\t\t\t<h2 class=\"elementor-heading-title elementor-size-default\">TARIFAT<\/h2>\t\t<\/div>\n\t\t\t\t<\/div>\n\t\t\t\t<div class=\"elementor-element elementor-element-3c3d0c4 elementor-widget elementor-widget-text-editor\" data-id=\"3c3d0c4\" data-element_type=\"widget\" data-widget_type=\"text-editor.default\">\n\t\t\t\t<div class=\"elementor-widget-container\">\n\t\t\t\t\t\t\t<p>P\u00ebr sa i p\u00ebrket \u00e7mimeve, ato jan\u00eb fleksib\u00ebl n\u00eb var\u00ebsi t\u00eb materialeve tuaja, n\u00eb var\u00ebsi t\u00eb k\u00ebrkes\u00ebs. P\u00ebr m\u00eb shum\u00eb detaje, ndiqni tarifat e p\u00ebrkthimit.<\/p>\t\t\t\t\t\t<\/div>\n\t\t\t\t<\/div>\n\t\t\t\t\t<\/div>\n\t\t<\/div>\n\t\t\t\t\t\t\t<\/div>\n\t\t<\/section>\n\t\t\t\t<section class=\"elementor-section elementor-inner-section elementor-element elementor-element-c71ea2f elementor-section-height-min-height elementor-section-boxed elementor-section-height-default\" data-id=\"c71ea2f\" data-element_type=\"section\" data-settings=\"{&quot;background_background&quot;:&quot;classic&quot;}\">\n\t\t\t\t\t\t<div class=\"elementor-container elementor-column-gap-default\">\n\t\t\t\t\t<div class=\"elementor-column elementor-col-100 elementor-inner-column elementor-element elementor-element-1b3d1bc\" data-id=\"1b3d1bc\" data-element_type=\"column\">\n\t\t\t<div class=\"elementor-widget-wrap elementor-element-populated\">\n\t\t\t\t\t\t\t\t<div class=\"elementor-element elementor-element-853baeb elementor-align-center elementor-widget elementor-widget-button\" data-id=\"853baeb\" data-element_type=\"widget\" data-widget_type=\"button.default\">\n\t\t\t\t<div class=\"elementor-widget-container\">\n\t\t\t\t\t<div class=\"elementor-button-wrapper\">\n\t\t\t<a class=\"elementor-button elementor-button-link elementor-size-sm\" href=\"https:\/\/juridicaltranslationoffice.com\/wp-content\/uploads\/2023\/12\/Tarifat-e-perkthimit.pdf\">\n\t\t\t\t\t\t<span class=\"elementor-button-content-wrapper\">\n\t\t\t\t\t\t<span class=\"elementor-button-text\">Tarifat<\/span>\n\t\t<\/span>\n\t\t\t\t\t<\/a>\n\t\t<\/div>\n\t\t\t\t<\/div>\n\t\t\t\t<\/div>\n\t\t\t\t\t<\/div>\n\t\t<\/div>\n\t\t\t\t\t\t\t<\/div>\n\t\t<\/section>\n\t\t\t\t\t<\/div>\n\t\t<\/div>\n\t\t\t\t\t\t\t<\/div>\n\t\t<\/section>\n\t\t\t\t<section class=\"elementor-section elementor-top-section elementor-element elementor-element-48679eb elementor-section-height-min-height elementor-section-boxed elementor-section-height-default elementor-section-items-middle\" data-id=\"48679eb\" data-element_type=\"section\" data-settings=\"{&quot;background_background&quot;:&quot;classic&quot;}\">\n\t\t\t\t\t\t<div class=\"elementor-container elementor-column-gap-default\">\n\t\t\t\t\t<div class=\"elementor-column elementor-col-100 elementor-top-column elementor-element elementor-element-fa7bcbb\" data-id=\"fa7bcbb\" data-element_type=\"column\">\n\t\t\t<div class=\"elementor-widget-wrap\">\n\t\t\t\t\t\t\t\t\t<\/div>\n\t\t<\/div>\n\t\t\t\t\t\t\t<\/div>\n\t\t<\/section>\n\t\t\t\t\t\t\t<\/div>\n\t\t","protected":false},"excerpt":{"rendered":"<p>Fushat tona t\u00eb ekspertiz\u00ebs Njohja me sh\u00ebrbimet N\u00eb k\u00ebt\u00eb faqe, ju mund t\u00eb informoheni n\u00eb lidhje me sh\u00ebrbimet q\u00eb mund t\u00eb p\u00ebrfitoni pran\u00eb Zyr\u00ebs s\u00eb P\u00ebrkthimeve Juridike. Sh\u00ebrbimet tona mund t&#8217;i gjeni t\u00eb shfaqura si m\u00eb posht\u00eb:\u00a0 P\u00cbRKTHIM DHE INTERPRETIM Fal\u00eb arsimit t\u00eb lart\u00eb n\u00eb gjuh\u00ebn fr\u00ebnge dhe p\u00ebrvoj\u00ebs son\u00eb t\u00eb gjat\u00eb n\u00eb p\u00ebrkthimin zyrtar(q\u00eb &hellip;<\/p>\n<p class=\"read-more\"> <a class=\"\" href=\"https:\/\/juridicaltranslationoffice.com\/?page_id=26&#038;lang=sq\"> <span class=\"screen-reader-text\">Sh\u00ebrbimet Tona<\/span> Read More &raquo;<\/a><\/p>\n","protected":false},"author":1,"featured_media":0,"parent":0,"menu_order":0,"comment_status":"closed","ping_status":"closed","template":"","meta":{"site-sidebar-layout":"no-sidebar","site-content-layout":"page-builder","ast-global-header-display":"","ast-banner-title-visibility":"","ast-main-header-display":"","ast-hfb-above-header-display":"","ast-hfb-below-header-display":"","ast-hfb-mobile-header-display":"","site-post-title":"disabled","ast-breadcrumbs-content":"","ast-featured-img":"disabled","footer-sml-layout":"","theme-transparent-header-meta":"","adv-header-id-meta":"","stick-header-meta":"","header-above-stick-meta":"","header-main-stick-meta":"","header-below-stick-meta":"","footnotes":""},"class_list":["post-26","page","type-page","status-publish","hentry"],"_links":{"self":[{"href":"https:\/\/juridicaltranslationoffice.com\/index.php?rest_route=\/wp\/v2\/pages\/26","targetHints":{"allow":["GET"]}}],"collection":[{"href":"https:\/\/juridicaltranslationoffice.com\/index.php?rest_route=\/wp\/v2\/pages"}],"about":[{"href":"https:\/\/juridicaltranslationoffice.com\/index.php?rest_route=\/wp\/v2\/types\/page"}],"author":[{"embeddable":true,"href":"https:\/\/juridicaltranslationoffice.com\/index.php?rest_route=\/wp\/v2\/users\/1"}],"replies":[{"embeddable":true,"href":"https:\/\/juridicaltranslationoffice.com\/index.php?rest_route=%2Fwp%2Fv2%2Fcomments&post=26"}],"version-history":[{"count":112,"href":"https:\/\/juridicaltranslationoffice.com\/index.php?rest_route=\/wp\/v2\/pages\/26\/revisions"}],"predecessor-version":[{"id":1024,"href":"https:\/\/juridicaltranslationoffice.com\/index.php?rest_route=\/wp\/v2\/pages\/26\/revisions\/1024"}],"wp:attachment":[{"href":"https:\/\/juridicaltranslationoffice.com\/index.php?rest_route=%2Fwp%2Fv2%2Fmedia&parent=26"}],"curies":[{"name":"wp","href":"https:\/\/api.w.org\/{rel}","templated":true}]}}